{"id":263,"date":"2015-12-23T16:34:25","date_gmt":"2015-12-23T16:34:25","guid":{"rendered":"https:\/\/tex-fin.com\/?page_id=263"},"modified":"2024-08-27T18:25:18","modified_gmt":"2024-08-27T18:25:18","slug":"brazed-finned-tubes","status":"publish","type":"page","link":"https:\/\/tex-fin.com\/esp\/cooper-finned-tubes\/brazed-finned-tubes\/","title":{"rendered":"Tubos Con Aletas Soldadas"},"content":{"rendered":"<div class=\"vc_row wpb_row vc_row-fluid\"><div class=\"wpb_column vc_column_container vc_col-sm-3\"><div class=\"vc_column-inner\"><div class=\"wpb_wrapper\"><div class=\"vc_empty_space\"   style=\"height: 25px\"><span class=\"vc_empty_space_inner\"><\/span><\/div><div class=\"vc_empty_space\"   style=\"height: 25px\"><span class=\"vc_empty_space_inner\"><\/span><\/div><div class=\"vc_empty_space\"   style=\"height: 25px\"><span class=\"vc_empty_space_inner\"><\/span><\/div>\n\t<div  class=\"wpb_single_image wpb_content_element vc_align_left\">\n\t\t\n\t\t<figure class=\"wpb_wrapper vc_figure\">\n\t\t\t<div class=\"vc_single_image-wrapper   vc_box_border_grey\"><img decoding=\"async\" class=\"vc_single_image-img lazyload\" data-src=\"https:\/\/tex-fin.com\/wp-content\/uploads\/2022\/06\/brasedfinnedtubes-1.png\" width=\"208\" height=\"208\" alt=\"Tex-Fin | Finned Tubes\" title=\"Tex-Fin | Finned Tubes\" src=\"data:image\/svg+xml;base64,PHN2ZyB3aWR0aD0iMSIgaGVpZ2h0PSIxIiB4bWxucz0iaHR0cDovL3d3dy53My5vcmcvMjAwMC9zdmciPjwvc3ZnPg==\" style=\"--smush-placeholder-width: 208px; --smush-placeholder-aspect-ratio: 208\/208;\" \/><\/div>\n\t\t<\/figure>\n\t<\/div>\n<div class=\"vc_empty_space\"   style=\"height: 25px\"><span class=\"vc_empty_space_inner\"><\/span><\/div><\/div><\/div><\/div><div class=\"wpb_column vc_column_container vc_col-sm-9\"><div class=\"vc_column-inner\"><div class=\"wpb_wrapper\">\n\t<div class=\"wpb_text_column wpb_content_element\" >\n\t\t<div class=\"wpb_wrapper\">\n\t\t\t<h4>TUBOS CON ALETAS SOLDADAS CON SOLDADURA FUERTE<\/h4>\n<p>Los Tubos Aletados Soldados ofrecen una alternativa a las aletas soldadas para aplicaciones que requieren tubos con un di\u00e1metro externo m\u00e1s peque\u00f1o o paredes m\u00e1s delgadas con una fuerte uni\u00f3n entre la aleta y el tubo. El material de la aleta se enrolla en el borde del tubo y luego se suelda en horno.<\/p>\n<p>Los Tubos Aletados Soldados se utilizan com\u00fanmente en aplicaciones con temperaturas de metal de hasta 650\u00b0 Fahrenheit, y con un recubrimiento especial, hasta 1200\u00b0 Fahrenheit.<\/p>\n\n\t\t<\/div>\n\t<\/div>\n<div class=\"vc_empty_space\"   style=\"height: 10px\"><span class=\"vc_empty_space_inner\"><\/span><\/div><div class=\"vc_separator wpb_content_element vc_separator_align_center vc_sep_width_100 vc_sep_pos_align_center vc_separator_no_text vc_sep_color_grey\" ><span class=\"vc_sep_holder vc_sep_holder_l\"><span  class=\"vc_sep_line\"><\/span><\/span><span class=\"vc_sep_holder vc_sep_holder_r\"><span  class=\"vc_sep_line\"><\/span><\/span>\n<\/div><div class=\"vc_empty_space\"   style=\"height: 10px\"><span class=\"vc_empty_space_inner\"><\/span><\/div><div class=\"vc_row wpb_row vc_inner vc_row-fluid\"><div class=\"wpb_column vc_column_container vc_col-sm-12\"><div class=\"vc_column-inner\"><div class=\"wpb_wrapper\">\n\t<div class=\"wpb_text_column wpb_content_element\" >\n\t\t<div class=\"wpb_wrapper\">\n\t\t\t<p><strong>Tama\u00f1os de tubo:<\/strong> 9\/16\u2033 O.D. to 2\u2033 O.D.<br \/>\n<strong>Alturas de aleta:<\/strong> \u00bc\u201d to 1\u2033<br \/>\n<strong>Espaciado de aletas:<\/strong> 5 to 13 fins per inch<\/p>\n\n\t\t<\/div>\n\t<\/div>\n<\/div><\/div><\/div><\/div><div class=\"vc_empty_space\"   style=\"height: 15px\"><span class=\"vc_empty_space_inner\"><\/span><\/div><\/div><\/div><\/div><\/div><div class=\"vc_row wpb_row vc_row-fluid\"><div class=\"wpb_column vc_column_container vc_col-sm-12\"><div class=\"vc_column-inner\"><div class=\"wpb_wrapper\"><div class=\"vc_empty_space\"   style=\"height: 15px\"><span class=\"vc_empty_space_inner\"><\/span><\/div><div class=\"vc_separator wpb_content_element vc_separator_align_center vc_sep_width_100 vc_sep_pos_align_center vc_separator_no_text vc_sep_color_grey\" ><span class=\"vc_sep_holder vc_sep_holder_l\"><span  class=\"vc_sep_line\"><\/span><\/span><span class=\"vc_sep_holder vc_sep_holder_r\"><span  class=\"vc_sep_line\"><\/span><\/span>\n<\/div><div class=\"vc_empty_space\"   style=\"height: 15px\"><span class=\"vc_empty_space_inner\"><\/span><\/div>\n\t<div class=\"wpb_text_column wpb_content_element\" >\n\t\t<div class=\"wpb_wrapper\">\n\t\t\t<div>\n<p><strong>Nuestros Tubos Aletados Soldados ofrecen una variedad de beneficios:<\/strong><\/p>\n<\/div>\n\n\t\t<\/div>\n\t<\/div>\n<div class=\"vc_empty_space\"   style=\"height: 20px\"><span class=\"vc_empty_space_inner\"><\/span><\/div><ul class=\"iconlist iconlist iconlist-icon-medium\"><li ><div class=\"iconlist-item-icon\"><i class=\"far fa-arrow-alt-circle-right\"><\/i><\/div><div class=\"iconlist-item-content\"><strong>Transferencia de Calor Superior:<\/strong> Estos tubos est\u00e1n meticulosamente dise\u00f1ados para optimizar la eficiencia de transferencia de calor, asegurando un control preciso de la temperatura y un rendimiento excepcional del sistema.<\/div><\/li><li ><div class=\"iconlist-item-icon\"><i class=\"far fa-arrow-alt-circle-right\"><\/i><\/div><div class=\"iconlist-item-content\"><strong>Construcci\u00f3n Robusta:<\/strong> El proceso de soldadura mejora la integridad estructural de las aletas, lo que resulta en una vida \u00fatil m\u00e1s larga y requisitos de mantenimiento m\u00ednimos.<\/div><\/li><li ><div class=\"iconlist-item-icon\"><i class=\"far fa-arrow-alt-circle-right\"><\/i><\/div><div class=\"iconlist-item-content\"><strong>Resistente A La Corrosi\u00f3n:<\/strong> La construcci\u00f3n de cobre proporciona una resistencia inherente a la corrosi\u00f3n, lo que contribuye a la longevidad y confiabilidad general de sus sistemas.<\/div><\/li><li ><div class=\"iconlist-item-icon\"><i class=\"far fa-arrow-alt-circle-right\"><\/i><\/div><div class=\"iconlist-item-content\"><strong>Adaptabilidad:<\/strong> Ofrecemos Tubos Aletados Soldados adaptados a los requisitos espec\u00edficos de su proyecto, proporcionando una soluci\u00f3n que se integra perfectamente en su sistema.<\/div><\/li><\/ul><\/div><\/div><\/div><\/div><div class=\"vc_row wpb_row vc_row-fluid\"><div class=\"wpb_column vc_column_container vc_col-sm-12\"><div class=\"vc_column-inner\"><div class=\"wpb_wrapper\">\n\t<div class=\"wpb_text_column wpb_content_element  vc_custom_1696965250082\" >\n\t\t<div class=\"wpb_wrapper\">\n\t\t\t<h4 class=\"scheme\" style=\"text-align: center;\"><span class=\"TextRun SCXW67937977 BCX0\" lang=\"EN-US\" xml:lang=\"EN-US\" data-contrast=\"none\"><span class=\"NormalTextRun SCXW67937977 BCX0\">Trabajamos arduamente <\/span><span class=\"NormalTextRun SCXW67937977 BCX0\">para ofrecer<\/span><span class=\"NormalTextRun SCXW67937977 BCX0\"> productos y servicios de la m\u00e1s alta calidad<\/span><\/span><span class=\"LineBreakBlob BlobObject DragDrop SCXW67937977 BCX0\"><span class=\"SCXW67937977 BCX0\">\u00a0<\/span><br class=\"SCXW67937977 BCX0\" \/><\/span><span class=\"TextRun SCXW67937977 BCX0\" lang=\"EN-US\" xml:lang=\"EN-US\" data-contrast=\"none\"><span class=\"NormalTextRun SCXW67937977 BCX0\">para nuestros clientes.<\/span><\/span><span class=\"EOP SCXW67937977 BCX0\" data-ccp-props=\"{&quot;335551550&quot;:2,&quot;335551620&quot;:2,&quot;335559738&quot;:450}\">\u00a0<\/span><\/h4>\n\n\t\t<\/div>\n\t<\/div>\n<div class=\"vc_empty_space\"   style=\"height: 40px\"><span class=\"vc_empty_space_inner\"><\/span><\/div><div class=\"vc_row wpb_row vc_inner vc_row-fluid\"><div class=\"wpb_column vc_column_container vc_col-sm-12\"><div class=\"vc_column-inner\"><div class=\"wpb_wrapper\">\n\t<div class=\"wpb_text_column wpb_content_element\" >\n\t\t<div class=\"wpb_wrapper\">\n\t\t\t<h4 style=\"margin-top: 0;\">\u00bfPor qu\u00e9 lo hacemos mejor?<\/h4>\n<p><span data-contrast=\"none\">Tex-Fin se compromete a brindar un servicio superior a nuestros clientes. Nuestro personal trabajar\u00e1 con usted a lo largo del proceso de dise\u00f1o y fabricaci\u00f3n para garantizar que nuestros productos cumplan con sus especificaciones y plazos de entrega. Nuestros gerentes de proyecto est\u00e1n siempre disponibles para ayudarlo y reaccionar\u00e1n r\u00e1pidamente para asistir en caso de cualquier emergencia.\u00a0<\/span><span data-ccp-props=\"{&quot;335559739&quot;:400}\">\u00a0<\/span><\/p>\n<p><a href=\"https:\/\/tex-fin.com\/esp\/contact-us\/\"><span data-contrast=\"none\">Cont\u00e1ctenos<\/span><\/a><span data-contrast=\"none\"> para discutir lo que podemos hacer para ayudarlo.<\/span><span data-ccp-props=\"{&quot;335559739&quot;:400}\">\u00a0<\/span><\/p>\n\n\t\t<\/div>\n\t<\/div>\n<\/div><\/div><\/div><\/div><div class=\"vc_empty_space\"   style=\"height: 50px\"><span class=\"vc_empty_space_inner\"><\/span><\/div><\/div><\/div><\/div><\/div>","protected":false},"excerpt":{"rendered":"BRAZED FINNED TUBES Brazed Finned Tubes offer an alternative to welded fins for applications requiring smaller O.D. or thinner wall tubes with a strong fin to tube bond. The fin material is edge wound on to the tube and then furnace brazed. Brazed Finned Tubes are commonly used in applications with metal temperatures up to [...]","protected":false},"author":1,"featured_media":822,"parent":1710,"menu_order":0,"comment_status":"closed","ping_status":"closed","template":"","meta":{"_coblocks_attr":"","_coblocks_dimensions":"","_coblocks_responsive_height":"","_coblocks_accordion_ie_support":"","om_disable_all_campaigns":false,"_monsterinsights_skip_tracking":false,"_monsterinsights_sitenote_active":false,"_monsterinsights_sitenote_note":"","_monsterinsights_sitenote_category":0,"_uf_show_specific_survey":0,"_uf_disable_surveys":false,"footnotes":""},"folder":[],"class_list":["post-263","page","type-page","status-publish","has-post-thumbnail","hentry"],"aioseo_notices":[],"_links":{"self":[{"href":"https:\/\/tex-fin.com\/esp\/wp-json\/wp\/v2\/pages\/263","targetHints":{"allow":["GET"]}}],"collection":[{"href":"https:\/\/tex-fin.com\/esp\/wp-json\/wp\/v2\/pages"}],"about":[{"href":"https:\/\/tex-fin.com\/esp\/wp-json\/wp\/v2\/types\/page"}],"author":[{"embeddable":true,"href":"https:\/\/tex-fin.com\/esp\/wp-json\/wp\/v2\/users\/1"}],"replies":[{"embeddable":true,"href":"https:\/\/tex-fin.com\/esp\/wp-json\/wp\/v2\/comments?post=263"}],"version-history":[{"count":9,"href":"https:\/\/tex-fin.com\/esp\/wp-json\/wp\/v2\/pages\/263\/revisions"}],"predecessor-version":[{"id":2548,"href":"https:\/\/tex-fin.com\/esp\/wp-json\/wp\/v2\/pages\/263\/revisions\/2548"}],"up":[{"embeddable":true,"href":"https:\/\/tex-fin.com\/esp\/wp-json\/wp\/v2\/pages\/1710"}],"wp:featuredmedia":[{"embeddable":true,"href":"https:\/\/tex-fin.com\/esp\/wp-json\/wp\/v2\/media\/822"}],"wp:attachment":[{"href":"https:\/\/tex-fin.com\/esp\/wp-json\/wp\/v2\/media?parent=263"}],"wp:term":[{"taxonomy":"folder","embeddable":true,"href":"https:\/\/tex-fin.com\/esp\/wp-json\/wp\/v2\/folder?post=263"}],"curies":[{"name":"wp","href":"https:\/\/api.w.org\/{rel}","templated":true}]}}