{"id":1585,"date":"2023-07-26T22:27:47","date_gmt":"2023-07-26T22:27:47","guid":{"rendered":"https:\/\/tex-fin.com\/?page_id=1585"},"modified":"2024-06-05T17:03:42","modified_gmt":"2024-06-05T17:03:42","slug":"accessories-parts","status":"publish","type":"page","link":"https:\/\/tex-fin.com\/esp\/accessories-parts\/","title":{"rendered":"Partes &amp; Accesorios"},"content":{"rendered":"<div class=\"vc_row wpb_row vc_row-fluid\"><div class=\"wpb_column vc_column_container vc_col-sm-12\"><div class=\"vc_column-inner\"><div class=\"wpb_wrapper\"><h2 style=\"text-align: left\" class=\"vc_custom_heading\" >Accesorios Y Partes<\/h2>\n\t<div class=\"wpb_text_column wpb_content_element\" >\n\t\t<div class=\"wpb_wrapper\">\n\t\t\t<p>En TEX FIN, sabemos que la precisi\u00f3n y la excelencia en cada detalle son lo que distinguen tus sistemas industriales.<\/p>\n<p>Nuestro compromiso de proporcionar lo mejor se extiende a una amplia gama de Accesorios y Piezas, cada uno dise\u00f1ado para elevar la eficiencia, durabilidad y rendimiento de tu equipo.<\/p>\n<p>Explora estos componentes esenciales y descubre c\u00f3mo contribuyen al funcionamiento sin problemas de tus sistemas.<\/p>\n\n\t\t<\/div>\n\t<\/div>\n<div class=\"vc_empty_space\"   style=\"height: 22px\"><span class=\"vc_empty_space_inner\"><\/span><\/div><div class=\"vc_separator wpb_content_element vc_separator_align_center vc_sep_width_100 vc_sep_pos_align_center vc_separator_no_text vc_sep_color_grey\" ><span class=\"vc_sep_holder vc_sep_holder_l\"><span  class=\"vc_sep_line\"><\/span><\/span><span class=\"vc_sep_holder vc_sep_holder_r\"><span  class=\"vc_sep_line\"><\/span><\/span>\n<\/div><div class=\"vc_empty_space\"   style=\"height: 32px\"><span class=\"vc_empty_space_inner\"><\/span><\/div><\/div><\/div><\/div><\/div><div class=\"vc_row wpb_row vc_row-fluid\"><div class=\"wpb_column vc_column_container vc_col-sm-12\"><div class=\"vc_column-inner\"><div class=\"wpb_wrapper\">\n\t<div  class=\"wpb_single_image wpb_content_element vc_align_left\">\n\t\t\n\t\t<figure class=\"wpb_wrapper vc_figure\">\n\t\t\t<div class=\"vc_single_image-wrapper   vc_box_border_grey\"><img decoding=\"async\" class=\"vc_single_image-img lazyload\" data-src=\"https:\/\/tex-fin.com\/wp-content\/uploads\/2024\/06\/Tex-Fin-7-800x250-1.jpg\" width=\"800\" height=\"250\" alt=\"Tex-Fom | Finned Tubes\" title=\"Tex-Fom | Finned Tubes\" src=\"data:image\/svg+xml;base64,PHN2ZyB3aWR0aD0iMSIgaGVpZ2h0PSIxIiB4bWxucz0iaHR0cDovL3d3dy53My5vcmcvMjAwMC9zdmciPjwvc3ZnPg==\" style=\"--smush-placeholder-width: 800px; --smush-placeholder-aspect-ratio: 800\/250;\" \/><\/div>\n\t\t<\/figure>\n\t<\/div>\n<div class=\"vc_empty_space\"   style=\"height: 10px\"><span class=\"vc_empty_space_inner\"><\/span><\/div>\n\t<div class=\"wpb_text_column wpb_content_element\" >\n\t\t<div class=\"wpb_wrapper\">\n\t\t\t<h3><a href=\"https:\/\/tex-fin.com\/esp\/accessories-parts\/aluminum-finned-tubes\/\">Tubos Aletados De Aluminio<\/a><\/h3>\n\n\t\t<\/div>\n\t<\/div>\n<div class=\"vc_empty_space\"   style=\"height: 10px\"><span class=\"vc_empty_space_inner\"><\/span><\/div><div class=\"vc_separator wpb_content_element vc_separator_align_center vc_sep_width_100 vc_sep_pos_align_center vc_separator_no_text vc_sep_color_grey\" ><span class=\"vc_sep_holder vc_sep_holder_l\"><span  class=\"vc_sep_line\"><\/span><\/span><span class=\"vc_sep_holder vc_sep_holder_r\"><span  class=\"vc_sep_line\"><\/span><\/span>\n<\/div><div class=\"vc_empty_space\"   style=\"height: 10px\"><span class=\"vc_empty_space_inner\"><\/span><\/div><ul class=\"iconlist iconlist iconlist-icon-medium\"><li ><div class=\"iconlist-item-icon\"><i class=\"far fa-arrow-alt-circle-right\"><\/i><\/div><div class=\"iconlist-item-content\"><a href=\"https:\/\/tex-fin.com\/esp\/accessories-parts\/intedgral-belled-end-tubes\/\"><strong>Tubos Con Extremos Acampanados Integrales<\/strong><\/a><em> &#8211;\u00a0<\/em>Nuestros tubos aletados de aluminio est\u00e1n dise\u00f1ados para maximizar la superficie disponible para la transferencia de calor. Los tubos con extremo acampanado integral proporcionan una conexi\u00f3n segura, contribuyendo a la eficiencia y rendimiento general de sus sistemas industriales.<\/div><\/li><\/ul><div class=\"vc_empty_space\"   style=\"height: 15px\"><span class=\"vc_empty_space_inner\"><\/span><\/div>\n\t<div  class=\"wpb_single_image wpb_content_element vc_align_left\">\n\t\t\n\t\t<figure class=\"wpb_wrapper vc_figure\">\n\t\t\t<div class=\"vc_single_image-wrapper   vc_box_border_grey\"><img decoding=\"async\" class=\"vc_single_image-img lazyload\" data-src=\"https:\/\/tex-fin.com\/wp-content\/uploads\/2024\/06\/Tex-Fin-Website-Photos-June-2023-26-scaled-800x250-1.jpg\" width=\"800\" height=\"250\" alt=\"Tex-Fom | Finned Tubes\" title=\"Tex-Fin-Website-Photos-June-2023-26-scaled-800x250\" src=\"data:image\/svg+xml;base64,PHN2ZyB3aWR0aD0iMSIgaGVpZ2h0PSIxIiB4bWxucz0iaHR0cDovL3d3dy53My5vcmcvMjAwMC9zdmciPjwvc3ZnPg==\" style=\"--smush-placeholder-width: 800px; --smush-placeholder-aspect-ratio: 800\/250;\" \/><\/div>\n\t\t<\/figure>\n\t<\/div>\n<div class=\"vc_empty_space\"   style=\"height: 15px\"><span class=\"vc_empty_space_inner\"><\/span><\/div>\n\t<div class=\"wpb_text_column wpb_content_element\" >\n\t\t<div class=\"wpb_wrapper\">\n\t\t\t<h3><a href=\"https:\/\/tex-fin.com\/esp\/accessories-parts\/install-repair-maintaining-tooling\/\">Herramientas De Instalaci\u00f3n, Reparaci\u00f3n y Mantenimiento<\/a><\/h3>\n\n\t\t<\/div>\n\t<\/div>\n<div class=\"vc_empty_space\"   style=\"height: 10px\"><span class=\"vc_empty_space_inner\"><\/span><\/div><div class=\"vc_separator wpb_content_element vc_separator_align_center vc_sep_width_100 vc_sep_pos_align_center vc_separator_no_text vc_sep_color_grey\" ><span class=\"vc_sep_holder vc_sep_holder_l\"><span  class=\"vc_sep_line\"><\/span><\/span><span class=\"vc_sep_holder vc_sep_holder_r\"><span  class=\"vc_sep_line\"><\/span><\/span>\n<\/div><div class=\"vc_empty_space\"   style=\"height: 10px\"><span class=\"vc_empty_space_inner\"><\/span><\/div><ul class=\"iconlist iconlist iconlist-icon-medium\"><li ><div class=\"iconlist-item-icon\"><i class=\"far fa-arrow-alt-circle-right\"><\/i><\/div><div class=\"iconlist-item-content\"><div>\n<p><strong>Expandidores, Juegos de Rodillos, Mandriles, Escariadores y Ejes de Expansi\u00f3n<\/strong><\/p>\n<\/div>\n<div>\n<p>Nuestra gama de herramientas de instalaci\u00f3n y mantenimiento est\u00e1 dise\u00f1ada para satisfacer los requisitos \u00fanicos de sus sistemas. Desde los Expandidores para ajustes seguros y eficientes hasta los Juegos de Rodillos para resultados consistentes y de alta calidad, estas herramientas garantizan la longevidad y el rendimiento de su equipo.<\/p>\n<\/div>\n<\/div><\/li><\/ul><div class=\"vc_empty_space\"   style=\"height: 10px\"><span class=\"vc_empty_space_inner\"><\/span><\/div>\n\t<div  class=\"wpb_single_image wpb_content_element vc_align_left\">\n\t\t\n\t\t<figure class=\"wpb_wrapper vc_figure\">\n\t\t\t<div class=\"vc_single_image-wrapper   vc_box_border_grey\"><img decoding=\"async\" class=\"vc_single_image-img lazyload\" data-src=\"https:\/\/tex-fin.com\/wp-content\/uploads\/2024\/06\/Tex-Fin-Accesories-10-scaled-800x250-1.jpg\" width=\"800\" height=\"250\" alt=\"Accesories &amp; Parts | Tex-Fin\" title=\"Tex-Fin-Accesories-10-scaled-800x250\" src=\"data:image\/svg+xml;base64,PHN2ZyB3aWR0aD0iMSIgaGVpZ2h0PSIxIiB4bWxucz0iaHR0cDovL3d3dy53My5vcmcvMjAwMC9zdmciPjwvc3ZnPg==\" style=\"--smush-placeholder-width: 800px; --smush-placeholder-aspect-ratio: 800\/250;\" \/><\/div>\n\t\t<\/figure>\n\t<\/div>\n<div class=\"vc_empty_space\"   style=\"height: 15px\"><span class=\"vc_empty_space_inner\"><\/span><\/div>\n\t<div class=\"wpb_text_column wpb_content_element\" >\n\t\t<div class=\"wpb_wrapper\">\n\t\t\t<h3><a href=\"https:\/\/tex-fin.com\/esp\/accessories-parts\/ferrules\/\">Casquillos<\/a><\/h3>\n\n\t\t<\/div>\n\t<\/div>\n<div class=\"vc_empty_space\"   style=\"height: 10px\"><span class=\"vc_empty_space_inner\"><\/span><\/div><div class=\"vc_separator wpb_content_element vc_separator_align_center vc_sep_width_100 vc_sep_pos_align_center vc_separator_no_text vc_sep_color_grey\" ><span class=\"vc_sep_holder vc_sep_holder_l\"><span  class=\"vc_sep_line\"><\/span><\/span><span class=\"vc_sep_holder vc_sep_holder_r\"><span  class=\"vc_sep_line\"><\/span><\/span>\n<\/div><div class=\"vc_empty_space\"   style=\"height: 10px\"><span class=\"vc_empty_space_inner\"><\/span><\/div><ul class=\"iconlist iconlist iconlist-icon-medium\"><li ><div class=\"iconlist-item-icon\"><i class=\"far fa-arrow-alt-circle-right\"><\/i><\/div><div class=\"iconlist-item-content\"><div>\n<p>Los casquillos juegan un papel vital en el mantenimiento de la integridad estructural de su equipo, contribuyendo a la fiabilidad y longevidad general de sus sistemas.<\/p>\n<\/div>\n<\/div><\/li><\/ul><div class=\"vc_empty_space\"   style=\"height: 15px\"><span class=\"vc_empty_space_inner\"><\/span><\/div>\n\t<div  class=\"wpb_single_image wpb_content_element vc_align_left\">\n\t\t\n\t\t<figure class=\"wpb_wrapper vc_figure\">\n\t\t\t<div class=\"vc_single_image-wrapper   vc_box_border_grey\"><img decoding=\"async\" class=\"vc_single_image-img lazyload\" data-src=\"https:\/\/tex-fin.com\/wp-content\/uploads\/2024\/06\/Tex-Fin-Accesories-9-scaled-800x250-1.jpg\" width=\"800\" height=\"250\" alt=\"Accesories &amp; Parts | Tex-Fin\" title=\"Tex-Fin-Accesories-9-scaled-800x250\" src=\"data:image\/svg+xml;base64,PHN2ZyB3aWR0aD0iMSIgaGVpZ2h0PSIxIiB4bWxucz0iaHR0cDovL3d3dy53My5vcmcvMjAwMC9zdmciPjwvc3ZnPg==\" style=\"--smush-placeholder-width: 800px; --smush-placeholder-aspect-ratio: 800\/250;\" \/><\/div>\n\t\t<\/figure>\n\t<\/div>\n<div class=\"vc_empty_space\"   style=\"height: 15px\"><span class=\"vc_empty_space_inner\"><\/span><\/div>\n\t<div class=\"wpb_text_column wpb_content_element\" >\n\t\t<div class=\"wpb_wrapper\">\n\t\t\t<h3><a href=\"https:\/\/tex-fin.com\/esp\/accessories-parts\/plugs-and-gaskets\/header-plugs\/\"><span class=\"TextRun SCXW173264092 BCX0\" lang=\"EN-US\" xml:lang=\"EN-US\" data-contrast=\"auto\"><span class=\"NormalTextRun SCXW173264092 BCX0\">Tapones De Cabezales<\/span><\/span><\/a><\/h3>\n<div>\n<p>Nuestros tapones y empaques son esenciales para sellar y asegurar diversos componentes de sus sistemas industriales. Los tubos de cabecera, los tapones de tubo y los empaques est\u00e1n dise\u00f1ados para cumplir con las especificaciones exactas de sus sistemas, garantizando un ajuste seguro y un funcionamiento eficiente.<\/p>\n<\/div>\n\n\t\t<\/div>\n\t<\/div>\n<div class=\"vc_empty_space\"   style=\"height: 15px\"><span class=\"vc_empty_space_inner\"><\/span><\/div><div class=\"vc_separator wpb_content_element vc_separator_align_center vc_sep_width_100 vc_sep_pos_align_center vc_separator_no_text vc_sep_color_grey\" ><span class=\"vc_sep_holder vc_sep_holder_l\"><span  class=\"vc_sep_line\"><\/span><\/span><span class=\"vc_sep_holder vc_sep_holder_r\"><span  class=\"vc_sep_line\"><\/span><\/span>\n<\/div><div class=\"vc_empty_space\"   style=\"height: 15px\"><span class=\"vc_empty_space_inner\"><\/span><\/div>\n\t<div  class=\"wpb_single_image wpb_content_element vc_align_left\">\n\t\t\n\t\t<figure class=\"wpb_wrapper vc_figure\">\n\t\t\t<div class=\"vc_single_image-wrapper   vc_box_border_grey\"><img decoding=\"async\" class=\"vc_single_image-img lazyload\" data-src=\"https:\/\/tex-fin.com\/wp-content\/uploads\/2024\/06\/turbulators-1.jpg\" width=\"800\" height=\"250\" alt=\"Tex-Fin | Turbulators\" title=\"Tex-Fin | Turbulators\" src=\"data:image\/svg+xml;base64,PHN2ZyB3aWR0aD0iMSIgaGVpZ2h0PSIxIiB4bWxucz0iaHR0cDovL3d3dy53My5vcmcvMjAwMC9zdmciPjwvc3ZnPg==\" style=\"--smush-placeholder-width: 800px; --smush-placeholder-aspect-ratio: 800\/250;\" \/><\/div>\n\t\t<\/figure>\n\t<\/div>\n<div class=\"vc_empty_space\"   style=\"height: 15px\"><span class=\"vc_empty_space_inner\"><\/span><\/div>\n\t<div class=\"wpb_text_column wpb_content_element\" >\n\t\t<div class=\"wpb_wrapper\">\n\t\t\t<h3><a href=\"https:\/\/tex-fin.com\/esp\/accessories-parts\/turbulators\/\">Turbuladores<\/a><\/h3>\n\n\t\t<\/div>\n\t<\/div>\n<div class=\"vc_empty_space\"   style=\"height: 10px\"><span class=\"vc_empty_space_inner\"><\/span><\/div><div class=\"vc_separator wpb_content_element vc_separator_align_center vc_sep_width_100 vc_sep_pos_align_center vc_separator_no_text vc_sep_color_grey\" ><span class=\"vc_sep_holder vc_sep_holder_l\"><span  class=\"vc_sep_line\"><\/span><\/span><span class=\"vc_sep_holder vc_sep_holder_r\"><span  class=\"vc_sep_line\"><\/span><\/span>\n<\/div><div class=\"vc_empty_space\"   style=\"height: 10px\"><span class=\"vc_empty_space_inner\"><\/span><\/div><ul class=\"iconlist iconlist iconlist-icon-medium\"><li ><div class=\"iconlist-item-icon\"><i class=\"far fa-arrow-alt-circle-right\"><\/i><\/div><div class=\"iconlist-item-content\"><div>\n<p>Los turbuladores est\u00e1n dise\u00f1ados para crear turbulencia en su sistema, promoviendo la eficiencia en la transferencia de calor. Son un elemento clave para maximizar el rendimiento.<\/p>\n<\/div>\n<\/div><\/li><\/ul><div class=\"vc_empty_space\"   style=\"height: 15px\"><span class=\"vc_empty_space_inner\"><\/span><\/div><\/div><\/div><\/div><\/div><div class=\"vc_row wpb_row vc_row-fluid\"><div class=\"wpb_column vc_column_container vc_col-sm-12\"><div class=\"vc_column-inner\"><div class=\"wpb_wrapper\">\n\t<div  class=\"wpb_single_image wpb_content_element vc_align_left\">\n\t\t\n\t\t<figure class=\"wpb_wrapper vc_figure\">\n\t\t\t<div class=\"vc_single_image-wrapper   vc_box_border_grey\"><img decoding=\"async\" class=\"vc_single_image-img lazyload\" data-src=\"https:\/\/tex-fin.com\/wp-content\/uploads\/2024\/06\/6S2A5095-400x250-1.jpg\" width=\"400\" height=\"250\" alt=\"Tube Supports | Tex-Fin\" title=\"Tube Supports | Tex-Fin\" src=\"data:image\/svg+xml;base64,PHN2ZyB3aWR0aD0iMSIgaGVpZ2h0PSIxIiB4bWxucz0iaHR0cDovL3d3dy53My5vcmcvMjAwMC9zdmciPjwvc3ZnPg==\" style=\"--smush-placeholder-width: 400px; --smush-placeholder-aspect-ratio: 400\/250;\" \/><\/div>\n\t\t<\/figure>\n\t<\/div>\n<div class=\"vc_empty_space\"   style=\"height: 10px\"><span class=\"vc_empty_space_inner\"><\/span><\/div>\n\t<div class=\"wpb_text_column wpb_content_element\" >\n\t\t<div class=\"wpb_wrapper\">\n\t\t\t<h3><a href=\"https:\/\/tex-fin.com\/esp\/accessories-parts\/tube-supports\/\">Soporte De Tubos<\/a><\/h3>\n<div>\n<p>Nuestros Soportes de Tubo est\u00e1n dise\u00f1ados para proporcionar un soporte estructural para sus tubos, asegurando que permanezcan firmemente en su lugar. Elija canales ondulados para un soporte seguro y estable, Bandas de Aluminio para durabilidad, Bandas de Zinc para resistencia a la corrosi\u00f3n, o Tiras Flexibles para una flexibilidad mejorada. Estos componentes forman la piedra angular de la estabilidad en sus sistemas.<\/p>\n<\/div>\n\n\t\t<\/div>\n\t<\/div>\n<div class=\"vc_empty_space\"   style=\"height: 10px\"><span class=\"vc_empty_space_inner\"><\/span><\/div><div class=\"vc_separator wpb_content_element vc_separator_align_center vc_sep_width_100 vc_sep_pos_align_center vc_separator_no_text vc_sep_color_grey\" ><span class=\"vc_sep_holder vc_sep_holder_l\"><span  class=\"vc_sep_line\"><\/span><\/span><span class=\"vc_sep_holder vc_sep_holder_r\"><span  class=\"vc_sep_line\"><\/span><\/span>\n<\/div><div class=\"vc_empty_space\"   style=\"height: 10px\"><span class=\"vc_empty_space_inner\"><\/span><\/div><ul class=\"iconlist iconlist iconlist-icon-medium\"><li ><div class=\"iconlist-item-icon\"><i class=\"far fa-arrow-alt-circle-right\"><\/i><\/div><div class=\"iconlist-item-content\"><a href=\"https:\/\/tex-fin.com\/esp\/accessories-parts\/tube-supports\/scallop-channels\/\"><span class=\"TextRun SCXW247923065 BCX0\" lang=\"EN-US\" xml:lang=\"EN-US\" data-contrast=\"auto\"><span class=\"NormalTextRun SCXW247923065 BCX0\">Canales Con Forma De V\u00e9rtice<\/span><\/span><span class=\"EOP SCXW247923065 BCX0\" data-ccp-props=\"{&quot;134233117&quot;:false,&quot;134233118&quot;:false,&quot;201341983&quot;:0,&quot;335551550&quot;:1,&quot;335551620&quot;:1,&quot;335559737&quot;:0,&quot;335559738&quot;:0,&quot;335559739&quot;:160,&quot;335559740&quot;:259}\">\u00a0<\/span><\/a><\/div><\/li><li ><div class=\"iconlist-item-icon\"><i class=\"far fa-arrow-alt-circle-right\"><\/i><\/div><div class=\"iconlist-item-content\"><a href=\"https:\/\/tex-fin.com\/esp\/accessories-parts\/tube-supports\/aluminum-bands\/\">Bandas de Aluminio<\/a><\/div><\/li><li ><div class=\"iconlist-item-icon\"><i class=\"far fa-arrow-alt-circle-right\"><\/i><\/div><div class=\"iconlist-item-content\"><a href=\"https:\/\/tex-fin.com\/esp\/accessories-parts\/tube-supports\/zinc-collars\/\"><span class=\"TextRun SCXW185072853 BCX0\" lang=\"EN-US\" xml:lang=\"EN-US\" data-contrast=\"auto\"><span class=\"NormalTextRun SCXW185072853 BCX0\">Collares de Zinc<\/span><\/span><span class=\"EOP SCXW185072853 BCX0\" data-ccp-props=\"{&quot;201341983&quot;:0,&quot;335559739&quot;:160,&quot;335559740&quot;:259}\">\u00a0<\/span><\/a><\/div><\/li><li ><div class=\"iconlist-item-icon\"><i class=\"far fa-arrow-alt-circle-right\"><\/i><\/div><div class=\"iconlist-item-content\"><a href=\"https:\/\/tex-fin.com\/esp\/accessories-parts\/tube-supports\/wiggle-strips\/\"><span class=\"TextRun SCXW222683920 BCX0\" lang=\"EN-US\" xml:lang=\"EN-US\" data-contrast=\"auto\"><span class=\"NormalTextRun SCXW222683920 BCX0\">Bandas Onduladas<\/span><\/span><span class=\"EOP SCXW222683920 BCX0\" data-ccp-props=\"{&quot;201341983&quot;:0,&quot;335559739&quot;:160,&quot;335559740&quot;:259}\">\u00a0<\/span><\/a><\/div><\/li><\/ul><div class=\"vc_empty_space\"   style=\"height: 15px\"><span class=\"vc_empty_space_inner\"><\/span><\/div>\n\t<div  class=\"wpb_single_image wpb_content_element vc_align_left\">\n\t\t\n\t\t<figure class=\"wpb_wrapper vc_figure\">\n\t\t\t<div class=\"vc_single_image-wrapper   vc_box_border_grey\"><img decoding=\"async\" class=\"vc_single_image-img lazyload\" data-src=\"https:\/\/tex-fin.com\/wp-content\/uploads\/2024\/06\/wire-wrap-core-e1693515289870-800x250-1.jpeg\" width=\"800\" height=\"250\" alt=\"Wired Wrapped Cord | Tex-Fin\" title=\"Wired Wrapped Cord | Tex-Fin\" src=\"data:image\/svg+xml;base64,PHN2ZyB3aWR0aD0iMSIgaGVpZ2h0PSIxIiB4bWxucz0iaHR0cDovL3d3dy53My5vcmcvMjAwMC9zdmciPjwvc3ZnPg==\" style=\"--smush-placeholder-width: 800px; --smush-placeholder-aspect-ratio: 800\/250;\" \/><\/div>\n\t\t<\/figure>\n\t<\/div>\n<div class=\"vc_empty_space\"   style=\"height: 15px\"><span class=\"vc_empty_space_inner\"><\/span><\/div>\n\t<div class=\"wpb_text_column wpb_content_element\" >\n\t\t<div class=\"wpb_wrapper\">\n\t\t\t<h3><a href=\"https:\/\/tex-fin.com\/esp\/accessories-parts\/wire-wrapped-cord\/\">Turbuladores (Alambrado)<\/a><\/h3>\n\n\t\t<\/div>\n\t<\/div>\n<div class=\"vc_empty_space\"   style=\"height: 10px\"><span class=\"vc_empty_space_inner\"><\/span><\/div><div class=\"vc_separator wpb_content_element vc_separator_align_center vc_sep_width_100 vc_sep_pos_align_center vc_separator_no_text vc_sep_color_grey\" ><span class=\"vc_sep_holder vc_sep_holder_l\"><span  class=\"vc_sep_line\"><\/span><\/span><span class=\"vc_sep_holder vc_sep_holder_r\"><span  class=\"vc_sep_line\"><\/span><\/span>\n<\/div><div class=\"vc_empty_space\"   style=\"height: 10px\"><span class=\"vc_empty_space_inner\"><\/span><\/div><ul class=\"iconlist iconlist iconlist-icon-medium\"><li ><div class=\"iconlist-item-icon\"><i class=\"far fa-arrow-alt-circle-right\"><\/i><\/div><div class=\"iconlist-item-content\"><span class=\"TextRun SCXW49426207 BCX0\" lang=\"EN-US\" xml:lang=\"EN-US\" data-contrast=\"auto\"><span class=\"NormalTextRun SCXW49426207 BCX0\">Alambres en espiral que pueden ser f\u00e1cilmente instaladas para promover la turbulencia dentro del tubo y mejorar la transferencia de calor de ciertos fluidos viscosos. <\/span><\/span><\/div><\/li><\/ul><div class=\"vc_empty_space\"   style=\"height: 15px\"><span class=\"vc_empty_space_inner\"><\/span><\/div><\/div><\/div><\/div><\/div><div class=\"vc_row wpb_row vc_row-fluid\"><div class=\"wpb_column vc_column_container vc_col-sm-12\"><div class=\"vc_column-inner\"><div class=\"wpb_wrapper\"><div class=\"vc_empty_space\"   style=\"height: 20px\"><span class=\"vc_empty_space_inner\"><\/span><\/div><div class=\"vc_separator wpb_content_element vc_separator_align_center vc_sep_width_100 vc_sep_pos_align_center vc_separator_no_text vc_sep_color_grey\" ><span class=\"vc_sep_holder vc_sep_holder_l\"><span  class=\"vc_sep_line\"><\/span><\/span><span class=\"vc_sep_holder vc_sep_holder_r\"><span  class=\"vc_sep_line\"><\/span><\/span>\n<\/div>\n\t<div class=\"wpb_text_column wpb_content_element  vc_custom_1693505236559\" >\n\t\t<div class=\"wpb_wrapper\">\n\t\t\t<h4 class=\"scheme\" style=\"text-align: center;\"><span class=\"TextRun SCXW85059704 BCX0\" lang=\"EN-US\" xml:lang=\"EN-US\" data-contrast=\"none\"><span class=\"NormalTextRun SCXW85059704 BCX0\" data-ccp-parastyle=\"heading 4\">Trabajamos arduamente <\/span><span class=\"NormalTextRun SCXW85059704 BCX0\" data-ccp-parastyle=\"heading 4\">para ofrecer<\/span><span class=\"NormalTextRun SCXW85059704 BCX0\" data-ccp-parastyle=\"heading 4\"> productos y servicios de la m\u00e1s alta calidad \npara nuestros clientes.<\/span><\/span><span class=\"EOP SCXW85059704 BCX0\" data-ccp-props=\"{&quot;134245418&quot;:true,&quot;134245529&quot;:true,&quot;201341983&quot;:0,&quot;335559738&quot;:40,&quot;335559739&quot;:0,&quot;335559740&quot;:259}\">\u00a0<\/span><\/h4>\n\n\t\t<\/div>\n\t<\/div>\n<div class=\"vc_empty_space\"   style=\"height: 20px\"><span class=\"vc_empty_space_inner\"><\/span><\/div>\n\t<div class=\"wpb_text_column wpb_content_element\" >\n\t\t<div class=\"wpb_wrapper\">\n\t\t\t<h4>\u00bfPor qu\u00e9 elegirnos?<\/h4>\n<p><span data-contrast=\"none\">Tex-Fin se compromete a brindar un servicio superior a nuestros clientes. Nuestro personal trabajar\u00e1 con usted a lo largo del proceso de dise\u00f1o y fabricaci\u00f3n para garantizar que nuestros productos cumplan con sus especificaciones y plazos de entrega. Nuestros gerentes de proyecto est\u00e1n siempre disponibles para ayudarlo y reaccionar\u00e1n r\u00e1pidamente para asistir en caso de cualquier emergencia.\u00a0<\/span><span data-ccp-props=\"{&quot;335559739&quot;:400}\">\u00a0<\/span><\/p>\n<p><a href=\"https:\/\/tex-fin.com\/esp\/contact-us\/\"><span data-contrast=\"none\">Cont\u00e1ctenos<\/span><\/a><span data-contrast=\"none\"> para discutir lo que podemos hacer para ayudarlo.<\/span><span data-ccp-props=\"{&quot;335559739&quot;:400}\">\u00a0<\/span><\/p>\n\n\t\t<\/div>\n\t<\/div>\n<div class=\"vc_empty_space\"   style=\"height: 20px\"><span class=\"vc_empty_space_inner\"><\/span><\/div><\/div><\/div><\/div><\/div>","protected":false},"excerpt":{"rendered":"Accesories &amp; Parts At TEX FIN, we know that precision and excellence in every detail are what set your industrial systems apart. Our commitment to providing the best extends to a comprehensive range of Accessories and Parts, each designed to elevate the efficiency, durability, and performance of your equipment. Explore these essential components and discover [...]","protected":false},"author":1,"featured_media":799,"parent":0,"menu_order":0,"comment_status":"closed","ping_status":"closed","template":"","meta":{"_coblocks_attr":"","_coblocks_dimensions":"","_coblocks_responsive_height":"","_coblocks_accordion_ie_support":"","om_disable_all_campaigns":false,"_monsterinsights_skip_tracking":false,"_monsterinsights_sitenote_active":false,"_monsterinsights_sitenote_note":"","_monsterinsights_sitenote_category":0,"_uf_show_specific_survey":0,"_uf_disable_surveys":false,"footnotes":""},"folder":[],"class_list":["post-1585","page","type-page","status-publish","has-post-thumbnail","hentry"],"aioseo_notices":[],"_links":{"self":[{"href":"https:\/\/tex-fin.com\/esp\/wp-json\/wp\/v2\/pages\/1585","targetHints":{"allow":["GET"]}}],"collection":[{"href":"https:\/\/tex-fin.com\/esp\/wp-json\/wp\/v2\/pages"}],"about":[{"href":"https:\/\/tex-fin.com\/esp\/wp-json\/wp\/v2\/types\/page"}],"author":[{"embeddable":true,"href":"https:\/\/tex-fin.com\/esp\/wp-json\/wp\/v2\/users\/1"}],"replies":[{"embeddable":true,"href":"https:\/\/tex-fin.com\/esp\/wp-json\/wp\/v2\/comments?post=1585"}],"version-history":[{"count":58,"href":"https:\/\/tex-fin.com\/esp\/wp-json\/wp\/v2\/pages\/1585\/revisions"}],"predecessor-version":[{"id":1587,"href":"https:\/\/tex-fin.com\/esp\/wp-json\/wp\/v2\/pages\/1585\/revisions\/1587"}],"wp:featuredmedia":[{"embeddable":true,"href":"https:\/\/tex-fin.com\/esp\/wp-json\/wp\/v2\/media\/799"}],"wp:attachment":[{"href":"https:\/\/tex-fin.com\/esp\/wp-json\/wp\/v2\/media?parent=1585"}],"wp:term":[{"taxonomy":"folder","embeddable":true,"href":"https:\/\/tex-fin.com\/esp\/wp-json\/wp\/v2\/folder?post=1585"}],"curies":[{"name":"wp","href":"https:\/\/api.w.org\/{rel}","templated":true}]}}