{"id":1192,"date":"2023-02-13T19:55:01","date_gmt":"2023-02-13T19:55:01","guid":{"rendered":"https:\/\/tex-fin.com\/?page_id=1192"},"modified":"2024-01-24T19:25:02","modified_gmt":"2024-01-24T19:25:02","slug":"air-cooled-finned-tubes","status":"publish","type":"page","link":"https:\/\/tex-fin.com\/esp\/finned-products\/air-cooled-finned-tubes\/","title":{"rendered":"Tubos Para Enfriadores"},"content":{"rendered":"<div class=\"vc_row wpb_row vc_row-fluid\"><div class=\"wpb_column vc_column_container vc_col-sm-12\"><div class=\"vc_column-inner\"><div class=\"wpb_wrapper\"><h2 style=\"text-align: left\" class=\"vc_custom_heading\" >Tubos Para Enfriadores<\/h2>\n\t<div class=\"wpb_text_column wpb_content_element\" >\n\t\t<div class=\"wpb_wrapper\">\n\t\t\t<p><span class=\"TextRun SCXW62144381 BCX8\" lang=\"EN-US\" xml:lang=\"EN-US\" data-contrast=\"auto\"><span class=\"NormalTextRun SCXW62144381 BCX8\">Tex-Fin ha sido un destacado fabricante <\/span><span class=\"NormalTextRun SCXW62144381 BCX8\">de<\/span><span class=\"NormalTextRun SCXW62144381 BCX8\">&#8211;<\/span><span class=\"NormalTextRun SCXW62144381 BCX8\">tubos<\/span><span class=\"NormalTextRun SCXW62144381 BCX8\"> letados enfriados por aire durante m\u00e1s de 40 a\u00f1os. Nos especializamos en la fabricaci\u00f3n personalizada <\/span><span class=\"NormalTextRun SCXW62144381 BCX8\">de tubos aletados<\/span><span class=\"NormalTextRun SCXW62144381 BCX8\"> de enfriamiento<\/span><span class=\"NormalTextRun SCXW62144381 BCX8\"> for the OEM market and replacement finned tubes.<\/span><\/span><\/p>\n<p>Nuestras instalaciones de <span class=\"NormalTextRun SCXW62144381 BCX8\">de producci\u00f3n<\/span> <span class=\"NormalTextRun SCXW62144381 BCX8\">tienen <\/span><span class=\"NormalTextRun SCXW62144381 BCX8\">la capacidad<\/span><span class=\"NormalTextRun SCXW62144381 BCX8\"> de producir lotes completos<\/span><span class=\"NormalTextRun SCXW62144381 BCX8\">y a\u00fan as\u00ed respaldar <\/span><span class=\"NormalTextRun SCXW62144381 BCX8\">cualquier necesidad<\/span><span class=\"NormalTextRun SCXW62144381 BCX8\"> de reemplazo de emergencia que pueda surgir.<\/span><span class=\"NormalTextRun SCXW62144381 BCX8\">.<\/span><\/p>\n<p>El personal de Tex-Fin trabajar\u00e1 con usted para entregar su pedido seg\u00fan su cronograma, ya sea que necesite componentes para la producci\u00f3n, piezas de repuesto para el mantenimiento programado o tubos aletados de repuesto de emergencia.<span class=\"EOP SCXW62144381 BCX8\" data-ccp-props=\"{}\">\u00a0<\/span><\/p>\n\n\t\t<\/div>\n\t<\/div>\n<div class=\"vc_empty_space\"   style=\"height: 22px\"><span class=\"vc_empty_space_inner\"><\/span><\/div>\n\t<div class=\"wpb_text_column wpb_content_element\" >\n\t\t<div class=\"wpb_wrapper\">\n\t\t\t<p><strong>Nuestra l\u00ednea de tubos aletados enfriados por aire ofrece soluciones para una amplia gama de aplicaciones, desde entornos de alta temperatura y condiciones severas hasta entornos de baja temperatura y baja tensi\u00f3n.<\/strong><\/p>\n\n\t\t<\/div>\n\t<\/div>\n<div class=\"vc_empty_space\"   style=\"height: 32px\"><span class=\"vc_empty_space_inner\"><\/span><\/div><div class=\"vc_separator wpb_content_element vc_separator_align_center vc_sep_width_100 vc_sep_pos_align_center vc_separator_no_text vc_sep_color_grey\" ><span class=\"vc_sep_holder vc_sep_holder_l\"><span  class=\"vc_sep_line\"><\/span><\/span><span class=\"vc_sep_holder vc_sep_holder_r\"><span  class=\"vc_sep_line\"><\/span><\/span>\n<\/div><\/div><\/div><\/div><\/div><div class=\"vc_row wpb_row vc_row-fluid\"><div class=\"wpb_column vc_column_container vc_col-sm-12\"><div class=\"vc_column-inner\"><div class=\"wpb_wrapper\"><div class=\"vc_empty_space\"   style=\"height: 15px\"><span class=\"vc_empty_space_inner\"><\/span><\/div>\n\t<div  class=\"wpb_single_image wpb_content_element vc_align_left\">\n\t\t\n\t\t<figure class=\"wpb_wrapper vc_figure\">\n\t\t\t<div class=\"vc_single_image-wrapper   vc_box_border_grey\"><img decoding=\"async\" class=\"vc_single_image-img lazyload\" data-src=\"https:\/\/tex-fin.com\/wp-content\/uploads\/2023\/08\/Tex-Fin-13-800x250.jpg\" width=\"800\" height=\"250\" alt=\"L-Foot Finned Tubes\" title=\"Aluminum L-Foot Fin Tubes\" src=\"data:image\/svg+xml;base64,PHN2ZyB3aWR0aD0iMSIgaGVpZ2h0PSIxIiB4bWxucz0iaHR0cDovL3d3dy53My5vcmcvMjAwMC9zdmciPjwvc3ZnPg==\" style=\"--smush-placeholder-width: 800px; --smush-placeholder-aspect-ratio: 800\/250;\" \/><\/div>\n\t\t<\/figure>\n\t<\/div>\n<div class=\"vc_empty_space\"   style=\"height: 10px\"><span class=\"vc_empty_space_inner\"><\/span><\/div>\n\t<div class=\"wpb_text_column wpb_content_element\" >\n\t\t<div class=\"wpb_wrapper\">\n\t\t\t<h3><a href=\"https:\/\/tex-fin.com\/esp\/finned-products\/air-cooled-finned-tubes\/l-foot-finned-tubes\/\"><strong>Tubos Aletados con Pie en L enrollado con tensi\u00f3n<\/strong><\/a> \u2013<\/h3>\n<ul>\n<li>Las aletas se bloquean mec\u00e1nicamente al tubo durante la fabricaci\u00f3n, proporcionando una superficie de contacto m\u00e1s amplia entre el tubo y la aleta y aumentando la resistencia a la vibraci\u00f3n.<\/li>\n<li>L-foot tension wound tubes are used in applications requiring vibration resistance and metal temperatures below 350\u00b0F.<\/li>\n<\/ul>\n\n\t\t<\/div>\n\t<\/div>\n<div class=\"vc_empty_space\"   style=\"height: 10px\"><span class=\"vc_empty_space_inner\"><\/span><\/div><div class=\"vc_tta-container\" data-vc-action=\"collapse\"><div class=\"vc_general vc_tta vc_tta-accordion vc_tta-color-grey vc_tta-style-classic vc_tta-shape-rounded vc_tta-o-shape-group vc_tta-controls-align-left\"><div class=\"vc_tta-panels-container\"><div class=\"vc_tta-panels\"><div class=\"vc_tta-panel vc_active\" id=\"1676602359807-4ea020ae-1290\" data-vc-content=\".vc_tta-panel-body\"><div class=\"vc_tta-panel-heading\"><h4 class=\"vc_tta-panel-title vc_tta-controls-icon-position-left\"><a href=\"#1676602359807-4ea020ae-1290\" data-vc-accordion data-vc-container=\".vc_tta-container\"><span class=\"vc_tta-title-text\">Tubos Aletados De doble Pie En L De Tensi\u00f3n Enrollada<\/span><i class=\"vc_tta-controls-icon vc_tta-controls-icon-plus\"><\/i><\/a><\/h4><\/div><div class=\"vc_tta-panel-body\">\n\t<div class=\"wpb_text_column wpb_content_element\" >\n\t\t<div class=\"wpb_wrapper\">\n\t\t\t<ul>\n<li>En forma de L, pero donde la base de la aleta precedente est\u00e1 superpuesta por el pie de la aleta siguiente. Esto crea una cobertura completa del tubo base.<\/li>\n<li>Este proceso proporciona una mejor resistencia a la corrosi\u00f3n para el tubo base.<\/li>\n<\/ul>\n\n\t\t<\/div>\n\t<\/div>\n<\/div><\/div><div class=\"vc_tta-panel\" id=\"1676602359899-82944c35-4318\" data-vc-content=\".vc_tta-panel-body\"><div class=\"vc_tta-panel-heading\"><h4 class=\"vc_tta-panel-title vc_tta-controls-icon-position-left\"><a href=\"#1676602359899-82944c35-4318\" data-vc-accordion data-vc-container=\".vc_tta-container\"><span class=\"vc_tta-title-text\">Tubos Aletados De Tensi\u00f3n Enrollada Con Aleta En Forma De Rueda<\/span><i class=\"vc_tta-controls-icon vc_tta-controls-icon-plus\"><\/i><\/a><\/h4><\/div><div class=\"vc_tta-panel-body\">\n\t<div class=\"wpb_text_column wpb_content_element\" >\n\t\t<div class=\"wpb_wrapper\">\n\t\t\t<ul>\n<li>Id\u00e9nticos a los tubos aletados en forma de L en fabricaci\u00f3n, excepto que durante el proceso de aletado, la cara vertical de la aleta est\u00e1 perforada.<\/li>\n<li>Esta perforaci\u00f3n permite un mayor flujo de aire y una mayor superficie.<\/li>\n<\/ul>\n\n\t\t<\/div>\n\t<\/div>\n<\/div><\/div><div class=\"vc_tta-panel\" id=\"1676602359988-d93af9b1-bfe9\" data-vc-content=\".vc_tta-panel-body\"><div class=\"vc_tta-panel-heading\"><h4 class=\"vc_tta-panel-title vc_tta-controls-icon-position-left\"><a href=\"#1676602359988-d93af9b1-bfe9\" data-vc-accordion data-vc-container=\".vc_tta-container\"><span class=\"vc_tta-title-text\">Tubos Aletados Con Pie En L Estriado Y Enrollado Con Tensi\u00f3n.<\/span><i class=\"vc_tta-controls-icon vc_tta-controls-icon-plus\"><\/i><\/a><\/h4><\/div><div class=\"vc_tta-panel-body\">\n\t<div class=\"wpb_text_column wpb_content_element\" >\n\t\t<div class=\"wpb_wrapper\">\n\t\t\t<ul>\n<li>Otra variante de Pie en L pero proporciona un contacto m\u00e1s sustancial entre el tubo y la aleta.<\/li>\n<li>Aunque el proceso de aletado es casi id\u00e9ntico, la uni\u00f3n entre el tubo y la aleta se mejora al moletear la <a href=\"https:\/\/tex-fin.com\/esp\/finned-products\/air-cooled-finned-tubes\/l-foot-finned-tubes\/knurled-l-foot-tension-wound-finned-tubes\/\">superficie del tubo base<\/a> y luego presionar el pie de la aleta en el moleteado.<\/li>\n<\/ul>\n\n\t\t<\/div>\n\t<\/div>\n<\/div><\/div><\/div><\/div><\/div><\/div><div class=\"vc_empty_space\"   style=\"height: 20px\"><span class=\"vc_empty_space_inner\"><\/span><\/div><div class=\"vc_separator wpb_content_element vc_separator_align_center vc_sep_width_100 vc_sep_pos_align_center vc_separator_no_text vc_sep_color_grey\" ><span class=\"vc_sep_holder vc_sep_holder_l\"><span  class=\"vc_sep_line\"><\/span><\/span><span class=\"vc_sep_holder vc_sep_holder_r\"><span  class=\"vc_sep_line\"><\/span><\/span>\n<\/div><div class=\"vc_empty_space\"   style=\"height: 20px\"><span class=\"vc_empty_space_inner\"><\/span><\/div>\n\t<div  class=\"wpb_single_image wpb_content_element vc_align_left\">\n\t\t\n\t\t<figure class=\"wpb_wrapper vc_figure\">\n\t\t\t<div class=\"vc_single_image-wrapper   vc_box_border_grey\"><img decoding=\"async\" class=\"vc_single_image-img lazyload\" data-src=\"https:\/\/tex-fin.com\/wp-content\/uploads\/2023\/10\/6S2A4972-scaled-800x250.jpg\" width=\"800\" height=\"250\" alt=\"Embedded Finned Tubes\" title=\"Embedded Aluminum Fin Tubes\" src=\"data:image\/svg+xml;base64,PHN2ZyB3aWR0aD0iMSIgaGVpZ2h0PSIxIiB4bWxucz0iaHR0cDovL3d3dy53My5vcmcvMjAwMC9zdmciPjwvc3ZnPg==\" style=\"--smush-placeholder-width: 800px; --smush-placeholder-aspect-ratio: 800\/250;\" \/><\/div>\n\t\t<\/figure>\n\t<\/div>\n<div class=\"vc_empty_space\"   style=\"height: 10px\"><span class=\"vc_empty_space_inner\"><\/span><\/div>\n\t<div class=\"wpb_text_column wpb_content_element\" >\n\t\t<div class=\"wpb_wrapper\">\n\t\t\t<h3><a href=\"https:\/\/tex-fin.com\/esp\/finned-products\/air-cooled-finned-tubes\/embedded-finned-tubes\/\"><strong>Tubos Aletados Incrustados<\/strong><\/a> \u2013<\/h3>\n<ul>\n<li>Las aletas son embutidas en ranuras hechas en la superficie externa del tubo, luego las ranuras son cerradas.<\/li>\n<li>Esta uni\u00f3n segura proporciona una excelente resistencia a la vibraci\u00f3n y un alto rendimiento en equipos con ciclos t\u00e9rmicos continuos y altas temperaturas del metal.<\/li>\n<\/ul>\n\n\t\t<\/div>\n\t<\/div>\n<div class=\"vc_empty_space\"   style=\"height: 20px\"><span class=\"vc_empty_space_inner\"><\/span><\/div><div class=\"vc_separator wpb_content_element vc_separator_align_center vc_sep_width_100 vc_sep_pos_align_center vc_separator_no_text vc_sep_color_grey\" ><span class=\"vc_sep_holder vc_sep_holder_l\"><span  class=\"vc_sep_line\"><\/span><\/span><span class=\"vc_sep_holder vc_sep_holder_r\"><span  class=\"vc_sep_line\"><\/span><\/span>\n<\/div><div class=\"vc_empty_space\"   style=\"height: 20px\"><span class=\"vc_empty_space_inner\"><\/span><\/div>\n\t<div  class=\"wpb_single_image wpb_content_element vc_align_left\">\n\t\t\n\t\t<figure class=\"wpb_wrapper vc_figure\">\n\t\t\t<div class=\"vc_single_image-wrapper   vc_box_border_grey\"><img decoding=\"async\" class=\"vc_single_image-img lazyload\" data-src=\"https:\/\/tex-fin.com\/wp-content\/uploads\/2023\/08\/Copon-Coating-800x250.jpeg\" width=\"800\" height=\"250\" alt=\"Extruded Finned Tubes with Copon Coating on exposed portion of tube.\" title=\"Extruded Finned Tubes with Copon Coating\" src=\"data:image\/svg+xml;base64,PHN2ZyB3aWR0aD0iMSIgaGVpZ2h0PSIxIiB4bWxucz0iaHR0cDovL3d3dy53My5vcmcvMjAwMC9zdmciPjwvc3ZnPg==\" style=\"--smush-placeholder-width: 800px; --smush-placeholder-aspect-ratio: 800\/250;\" \/><\/div>\n\t\t<\/figure>\n\t<\/div>\n<div class=\"vc_empty_space\"   style=\"height: 10px\"><span class=\"vc_empty_space_inner\"><\/span><\/div>\n\t<div class=\"wpb_text_column wpb_content_element\" >\n\t\t<div class=\"wpb_wrapper\">\n\t\t\t<h3><a href=\"https:\/\/tex-fin.com\/esp\/finned-products\/air-cooled-finned-tubes\/extruded-finned-tubes\/\"><strong>Tubos Aletados Extruidos<\/strong><\/a> \u2013<\/h3>\n<ul>\n<li>Las aletas se extruyen a partir de un tubo de aluminio unido al tubo de metal interior, proporcionando una cobertura completa del tubo interior y una uni\u00f3n superior entre el tubo y las aletas.<\/li>\n<li>Los tubos con aletas extruidas son usados en aplicaciones con alta corrosion atmosferica y relativamente altas temperaturas en el metal.<\/li>\n<li>Tambi\u00e9n son f\u00e1ciles de limpiar debido al aluminio que cubre el tubo interior.<\/li>\n<\/ul>\n\n\t\t<\/div>\n\t<\/div>\n<div class=\"vc_empty_space\"   style=\"height: 20px\"><span class=\"vc_empty_space_inner\"><\/span><\/div><div class=\"vc_separator wpb_content_element vc_separator_align_center vc_sep_width_100 vc_sep_pos_align_center vc_separator_no_text vc_sep_color_grey\" ><span class=\"vc_sep_holder vc_sep_holder_l\"><span  class=\"vc_sep_line\"><\/span><\/span><span class=\"vc_sep_holder vc_sep_holder_r\"><span  class=\"vc_sep_line\"><\/span><\/span>\n<\/div><div class=\"vc_empty_space\"   style=\"height: 20px\"><span class=\"vc_empty_space_inner\"><\/span><\/div>\n\t<div  class=\"wpb_single_image wpb_content_element vc_align_left\">\n\t\t\n\t\t<figure class=\"wpb_wrapper vc_figure\">\n\t\t\t<div class=\"vc_single_image-wrapper   vc_box_border_grey\"><img decoding=\"async\" class=\"vc_single_image-img lazyload\" data-src=\"https:\/\/tex-fin.com\/wp-content\/uploads\/2022\/06\/Tex-Fin-Accesories-11-scaled-800x250.jpg\" width=\"800\" height=\"250\" alt=\"L-Foot Tension Wound Finned Tubes | Tex-Fin - Leading Supplier\" title=\"L-Foot Tension Wound Finned Tubes | Tex-Fin - Leading Supplier - 1\" src=\"data:image\/svg+xml;base64,PHN2ZyB3aWR0aD0iMSIgaGVpZ2h0PSIxIiB4bWxucz0iaHR0cDovL3d3dy53My5vcmcvMjAwMC9zdmciPjwvc3ZnPg==\" style=\"--smush-placeholder-width: 800px; --smush-placeholder-aspect-ratio: 800\/250;\" \/><\/div>\n\t\t<\/figure>\n\t<\/div>\n<div class=\"vc_empty_space\"   style=\"height: 10px\"><span class=\"vc_empty_space_inner\"><\/span><\/div>\n\t<div class=\"wpb_text_column wpb_content_element\" >\n\t\t<div class=\"wpb_wrapper\">\n\t\t\t<h3><strong><a href=\"https:\/\/tex-fin.com\/esp\/edge-tension-wound-finned-tubes\/\">Tubos Aletados Con Tensi\u00f3n De Borde<\/a> \u2013 <\/strong><\/h3>\n<ul>\n<li>Las aletas se enrollan al tubo utilizando tensi\u00f3n, proporcionando contacto entre las aletas y el tubo.<\/li>\n<li>Los tubos aletados de Borde con Tension son una solution de bajo costo para aplicaciones en las cuales se esperan bajas temperaturas en el metal y bajas vibraciones.<\/li>\n<\/ul>\n\n\t\t<\/div>\n\t<\/div>\n<\/div><\/div><\/div><\/div><div class=\"vc_row wpb_row vc_row-fluid\"><div class=\"wpb_column vc_column_container vc_col-sm-12\"><div class=\"vc_column-inner\"><div class=\"wpb_wrapper\"><div class=\"vc_empty_space\"   style=\"height: 20px\"><span class=\"vc_empty_space_inner\"><\/span><\/div><div class=\"vc_separator wpb_content_element vc_separator_align_center vc_sep_width_100 vc_sep_pos_align_center vc_separator_no_text vc_sep_color_grey\" ><span class=\"vc_sep_holder vc_sep_holder_l\"><span  class=\"vc_sep_line\"><\/span><\/span><span class=\"vc_sep_holder vc_sep_holder_r\"><span  class=\"vc_sep_line\"><\/span><\/span>\n<\/div>\n\t<div class=\"wpb_text_column wpb_content_element  vc_custom_1696625886376\" >\n\t\t<div class=\"wpb_wrapper\">\n\t\t\t<h4 style=\"text-align: center;\"><span class=\"TextRun SCXW110135098 BCX8\" lang=\"EN-US\" xml:lang=\"EN-US\" data-contrast=\"none\"><span class=\"NormalTextRun SCXW110135098 BCX8\">Trabajamos arduamente <\/span><span class=\"NormalTextRun SCXW110135098 BCX8\">para ofrecer<\/span><span class=\"NormalTextRun SCXW110135098 BCX8\"> productos y servicios de la m\u00e1s alta calidad<\/span><\/span><span class=\"LineBreakBlob BlobObject DragDrop SCXW110135098 BCX8\"><span class=\"SCXW110135098 BCX8\">\u00a0<\/span><br class=\"SCXW110135098 BCX8\" \/><\/span><span class=\"TextRun SCXW110135098 BCX8\" lang=\"EN-US\" xml:lang=\"EN-US\" data-contrast=\"none\"><span class=\"NormalTextRun SCXW110135098 BCX8\">para nuestros clientes.<\/span><\/span><span class=\"EOP SCXW110135098 BCX8\" data-ccp-props=\"{&quot;335551550&quot;:2,&quot;335551620&quot;:2,&quot;335559738&quot;:450}\">\u00a0<\/span><\/h4>\n\n\t\t<\/div>\n\t<\/div>\n<div class=\"vc_empty_space\"   style=\"height: 20px\"><span class=\"vc_empty_space_inner\"><\/span><\/div>\n\t<div class=\"wpb_text_column wpb_content_element\" >\n\t\t<div class=\"wpb_wrapper\">\n\t\t\t<h4>\u00bfPor qu\u00e9 elegirnos?<\/h4>\n<p><span data-contrast=\"none\">Tex-Fin se compromete a brindar un servicio superior a nuestros clientes. Nuestro personal trabajar\u00e1 con usted a lo largo del proceso de dise\u00f1o y fabricaci\u00f3n para garantizar que nuestros productos cumplan con sus especificaciones y plazos de entrega. Nuestros gerentes de proyecto est\u00e1n siempre disponibles para ayudarlo y reaccionar\u00e1n r\u00e1pidamente para asistir en caso de cualquier emergencia.\u00a0<\/span><span data-ccp-props=\"{&quot;335559739&quot;:400}\">\u00a0<\/span><\/p>\n<p><a href=\"https:\/\/tex-fin.com\/esp\/contact-us\/\"><span data-contrast=\"none\">Cont\u00e1ctenos<\/span><\/a><span data-contrast=\"none\"> para discutir lo que podemos hacer para ayudarlo.<\/span><span data-ccp-props=\"{&quot;335559739&quot;:400}\">\u00a0<\/span><\/p>\n\n\t\t<\/div>\n\t<\/div>\n<div class=\"vc_empty_space\"   style=\"height: 20px\"><span class=\"vc_empty_space_inner\"><\/span><\/div><\/div><\/div><\/div><\/div>","protected":false},"excerpt":{"rendered":"Air-Cooled Finned Tubes Tex-Fin has been a leading manufacturer of air-cooled finned tubes for over 40 years.\u00a0 We specialize in manufacturing custom air-cooled fin tubes for the OEM market and replacement finned tubes. Our production facilities have the capacity to produce full production runs and still support any emergency replacement needs that may arise. Tex-Fin\u2019s [...]","protected":false},"author":1,"featured_media":1276,"parent":1129,"menu_order":0,"comment_status":"closed","ping_status":"closed","template":"","meta":{"_coblocks_attr":"","_coblocks_dimensions":"","_coblocks_responsive_height":"","_coblocks_accordion_ie_support":"","om_disable_all_campaigns":false,"_monsterinsights_skip_tracking":false,"_monsterinsights_sitenote_active":false,"_monsterinsights_sitenote_note":"","_monsterinsights_sitenote_category":0,"_uf_show_specific_survey":0,"_uf_disable_surveys":false,"footnotes":""},"folder":[],"class_list":["post-1192","page","type-page","status-publish","has-post-thumbnail","hentry"],"aioseo_notices":[],"_links":{"self":[{"href":"https:\/\/tex-fin.com\/esp\/wp-json\/wp\/v2\/pages\/1192","targetHints":{"allow":["GET"]}}],"collection":[{"href":"https:\/\/tex-fin.com\/esp\/wp-json\/wp\/v2\/pages"}],"about":[{"href":"https:\/\/tex-fin.com\/esp\/wp-json\/wp\/v2\/types\/page"}],"author":[{"embeddable":true,"href":"https:\/\/tex-fin.com\/esp\/wp-json\/wp\/v2\/users\/1"}],"replies":[{"embeddable":true,"href":"https:\/\/tex-fin.com\/esp\/wp-json\/wp\/v2\/comments?post=1192"}],"version-history":[{"count":48,"href":"https:\/\/tex-fin.com\/esp\/wp-json\/wp\/v2\/pages\/1192\/revisions"}],"predecessor-version":[{"id":2635,"href":"https:\/\/tex-fin.com\/esp\/wp-json\/wp\/v2\/pages\/1192\/revisions\/2635"}],"up":[{"embeddable":true,"href":"https:\/\/tex-fin.com\/esp\/wp-json\/wp\/v2\/pages\/1129"}],"wp:featuredmedia":[{"embeddable":true,"href":"https:\/\/tex-fin.com\/esp\/wp-json\/wp\/v2\/media\/1276"}],"wp:attachment":[{"href":"https:\/\/tex-fin.com\/esp\/wp-json\/wp\/v2\/media?parent=1192"}],"wp:term":[{"taxonomy":"folder","embeddable":true,"href":"https:\/\/tex-fin.com\/esp\/wp-json\/wp\/v2\/folder?post=1192"}],"curies":[{"name":"wp","href":"https:\/\/api.w.org\/{rel}","templated":true}]}}