{"id":1189,"date":"2023-02-09T02:12:20","date_gmt":"2023-02-09T02:12:20","guid":{"rendered":"https:\/\/tex-fin.com\/?page_id=1189"},"modified":"2024-02-01T21:33:59","modified_gmt":"2024-02-01T21:33:59","slug":"fabricated-products","status":"publish","type":"page","link":"https:\/\/tex-fin.com\/esp\/fabricated-products\/","title":{"rendered":"Fabricaci\u00f3n"},"content":{"rendered":"<div class=\"vc_row wpb_row vc_row-fluid\"><div class=\"wpb_column vc_column_container vc_col-sm-12\"><div class=\"vc_column-inner\"><div class=\"wpb_wrapper\"><h2 style=\"text-align: left\" class=\"vc_custom_heading\" >Fabricaci\u00f3n<\/h2>\n\t<div class=\"wpb_text_column wpb_content_element\" >\n\t\t<div class=\"wpb_wrapper\">\n\t\t\t<p><span data-contrast=\"none\">Tex-Fin cuenta con la certificaci\u00f3n ASME, portando tanto las estampas U y S como la estampa R de la National Board. Nuestro equipo de personal calificado y experimentado tiene d\u00e9cadas de experiencia en fabricaci\u00f3n y soldadura. Tambi\u00e9n mantenemos una biblioteca de procedimientos de soldadura certificados por ASME para una amplia gama de materiales y tipos de soldadura.\u00a0<\/span><\/p>\n\n\t\t<\/div>\n\t<\/div>\n<div class=\"vc_empty_space\"   style=\"height: 15px\"><span class=\"vc_empty_space_inner\"><\/span><\/div><div class=\"vc_separator wpb_content_element vc_separator_align_center vc_sep_width_100 vc_sep_pos_align_center vc_separator_no_text vc_sep_color_grey\" ><span class=\"vc_sep_holder vc_sep_holder_l\"><span  class=\"vc_sep_line\"><\/span><\/span><span class=\"vc_sep_holder vc_sep_holder_r\"><span  class=\"vc_sep_line\"><\/span><\/span>\n<\/div><div class=\"vc_empty_space\"   style=\"height: 15px\"><span class=\"vc_empty_space_inner\"><\/span><\/div><\/div><\/div><\/div><\/div><div class=\"vc_row wpb_row vc_row-fluid\"><div class=\"wpb_column vc_column_container vc_col-sm-6\"><div class=\"vc_column-inner\"><div class=\"wpb_wrapper\"><div class=\"vc_empty_space\"   style=\"height: 15px\"><span class=\"vc_empty_space_inner\"><\/span><\/div><div class=\"vc_empty_space\"   style=\"height: 15px\"><span class=\"vc_empty_space_inner\"><\/span><\/div>\n\t<div  class=\"wpb_single_image wpb_content_element vc_align_left\">\n\t\t\n\t\t<figure class=\"wpb_wrapper vc_figure\">\n\t\t\t<div class=\"vc_single_image-wrapper   vc_box_border_grey\"><img decoding=\"async\" class=\"vc_single_image-img lazyload\" data-src=\"https:\/\/tex-fin.com\/wp-content\/uploads\/2023\/06\/Tex-Fin-Website-Photos-June-2023-9-scaled-400x350.jpg\" width=\"400\" height=\"350\" alt=\"Tex Fin Website Photos June 2023-9\" title=\"Tex Fin Website Photos June 2023-9\" src=\"data:image\/svg+xml;base64,PHN2ZyB3aWR0aD0iMSIgaGVpZ2h0PSIxIiB4bWxucz0iaHR0cDovL3d3dy53My5vcmcvMjAwMC9zdmciPjwvc3ZnPg==\" style=\"--smush-placeholder-width: 400px; --smush-placeholder-aspect-ratio: 400\/350;\" \/><\/div>\n\t\t<\/figure>\n\t<\/div>\n<div class=\"vc_empty_space\"   style=\"height: 15px\"><span class=\"vc_empty_space_inner\"><\/span><\/div>\n\t<div  class=\"wpb_single_image wpb_content_element vc_align_left\">\n\t\t\n\t\t<figure class=\"wpb_wrapper vc_figure\">\n\t\t\t<div class=\"vc_single_image-wrapper   vc_box_border_grey\"><img decoding=\"async\" class=\"vc_single_image-img lazyload\" data-src=\"https:\/\/tex-fin.com\/wp-content\/uploads\/2023\/06\/Tex-Fin-Website-Photos-June-2023-14-scaled-400x350.jpg\" width=\"400\" height=\"350\" alt=\"Tex-Fin | Finned Tubes\" title=\"Tex-Fin | Finned Tubes\" src=\"data:image\/svg+xml;base64,PHN2ZyB3aWR0aD0iMSIgaGVpZ2h0PSIxIiB4bWxucz0iaHR0cDovL3d3dy53My5vcmcvMjAwMC9zdmciPjwvc3ZnPg==\" style=\"--smush-placeholder-width: 400px; --smush-placeholder-aspect-ratio: 400\/350;\" \/><\/div>\n\t\t<\/figure>\n\t<\/div>\n<div class=\"vc_empty_space\"   style=\"height: 15px\"><span class=\"vc_empty_space_inner\"><\/span><\/div><\/div><\/div><\/div><div class=\"wpb_column vc_column_container vc_col-sm-6\"><div class=\"vc_column-inner\"><div class=\"wpb_wrapper\">\n\t<div class=\"wpb_text_column wpb_content_element\" >\n\t\t<div class=\"wpb_wrapper\">\n\t\t\t<h2 class=\"vc_custom_heading\">Intercambiadores De Calor<\/h2>\n<div class=\"wpb_text_column wpb_content_element\">\n<div class=\"wpb_wrapper\">\n<p>Los intercambiadores de calor son componentes vitales utilizados en una amplia gama de industrias para transferir eficientemente energ\u00eda t\u00e9rmica de un medio a otro. As\u00ed sean <a href=\"https:\/\/tex-fin.com\/esp\/fabricated-products\/heat-exchangers-need-update\/ambient-coolers\/\">aplicaciones de enfriamiento<\/a> o calentamiento, los intercambiadores de calor desempe\u00f1an un papel crucial en la optimizaci\u00f3n del uso de energ\u00eda, mejorando la eficiencia del proceso y asegurando el funcionamiento continue y estable de varios sistemas.<\/p>\n<\/div>\n<\/div>\n\n\t\t<\/div>\n\t<\/div>\n<div class=\"vc_separator wpb_content_element vc_separator_align_center vc_sep_width_100 vc_sep_pos_align_center vc_separator_no_text vc_sep_color_grey\" ><span class=\"vc_sep_holder vc_sep_holder_l\"><span  class=\"vc_sep_line\"><\/span><\/span><span class=\"vc_sep_holder vc_sep_holder_r\"><span  class=\"vc_sep_line\"><\/span><\/span>\n<\/div><div class=\"vc_empty_space\"   style=\"height: 15px\"><span class=\"vc_empty_space_inner\"><\/span><\/div>\n\t<div class=\"wpb_text_column wpb_content_element\" >\n\t\t<div class=\"wpb_wrapper\">\n\t\t\t<p>En <a href=\"https:\/\/tex-fin.com\/esp\/\">Tex-Fin<\/a> nos enorgullece nuestra comprensi\u00f3n integral de la tecnolog\u00eda de intercambiadores de calor y nuestra capacidad para ofrecer soluciones adaptadas al dise\u00f1o que satisfacen los requisitos \u00fanicos de nuestros clientes.<\/p>\n<p><span class=\"NormalTextRun SCXW33501038 BCX8\">Aunque nos especializamos en <\/span><span class=\"NormalTextRun SCXW33501038 BCX8\">paquetes de reemplazo para <\/span><span class=\"NormalTextRun SCXW33501038 BCX8\">Intercambiadores de calor<\/span><span class=\"NormalTextRun SCXW33501038 BCX8\">d <\/span><span class=\"NormalTextRun SCXW33501038 BCX8\">de aire frio, tenemos la capacidad de dise\u00f1ar<\/span><span class=\"NormalTextRun SCXW33501038 BCX8\">, y construir intercambiadores de calor de distintos tipos<\/span><span class=\"NormalTextRun SCXW33501038 BCX8\">, incluyendo:<\/span><\/p>\n\n\t\t<\/div>\n\t<\/div>\n<div class=\"vc_separator wpb_content_element vc_separator_align_center vc_sep_width_100 vc_sep_pos_align_center vc_separator_no_text vc_sep_color_grey\" ><span class=\"vc_sep_holder vc_sep_holder_l\"><span  class=\"vc_sep_line\"><\/span><\/span><span class=\"vc_sep_holder vc_sep_holder_r\"><span  class=\"vc_sep_line\"><\/span><\/span>\n<\/div><div class=\"vc_empty_space\"   style=\"height: 15px\"><span class=\"vc_empty_space_inner\"><\/span><\/div><ul class=\"iconlist iconlist iconlist-icon-medium\"><li ><div class=\"iconlist-item-icon\"><i class=\"fas fa-arrow-right\"><\/i><\/div><div class=\"iconlist-item-content\"><a href=\"https:\/\/tex-fin.com\/esp\/fabricated-products\/heat-exchangers-need-update\/ambient-coolers\/\">Enfriadores<\/a><\/div><\/li><li ><div class=\"iconlist-item-icon\"><i class=\"fas fa-arrow-right\"><\/i><\/div><div class=\"iconlist-item-content\"><a href=\"https:\/\/tex-fin.com\/esp\/fabricated-products\/heat-exchangers-need-update\/compressor-coolers\/\">Enfriadores Para Compresores<\/a><\/div><\/li><li ><div class=\"iconlist-item-icon\"><i class=\"fas fa-arrow-right\"><\/i><\/div><div class=\"iconlist-item-content\"><a href=\"https:\/\/tex-fin.com\/esp\/fabricated-products\/heat-exchangers-need-update\/fired-heaters-need-content-and-pictures\/\">Hornos<\/a><\/div><\/li><li ><div class=\"iconlist-item-icon\"><i class=\"fas fa-arrow-right\"><\/i><\/div><div class=\"iconlist-item-content\"><a href=\"https:\/\/tex-fin.com\/esp\/fabricated-products\/heat-exchangers-need-update\/pipe-spool-welding\/\">Soldadura De Tramos De Tuber\u00eda<\/a><\/div><\/li><li ><div class=\"iconlist-item-icon\"><i class=\"fas fa-arrow-right\"><\/i><\/div><div class=\"iconlist-item-content\"><a href=\"https:\/\/tex-fin.com\/esp\/fabricated-products\/heat-exchangers-need-update\/process-coolers\/\">Enfriadores De Proceso<\/a><\/div><\/li><li ><div class=\"iconlist-item-icon\"><i class=\"fas fa-arrow-right\"><\/i><\/div><div class=\"iconlist-item-content\"><a href=\"https:\/\/tex-fin.com\/esp\/fabricated-products\/heat-exchangers-need-update\/replacement-bundle\/\">Paquete De Reemplazo<\/a><\/div><\/li><li ><div class=\"iconlist-item-icon\"><i class=\"fas fa-arrow-right\"><\/i><\/div><div class=\"iconlist-item-content\"><a href=\"https:\/\/tex-fin.com\/esp\/fabricated-products\/heat-exchangers-need-update\/tank-heathers\/\">Calentadores De Tanques<\/a><\/div><\/li><li ><div class=\"iconlist-item-icon\"><i class=\"fas fa-arrow-right\"><\/i><\/div><div class=\"iconlist-item-content\"><a href=\"https:\/\/tex-fin.com\/esp\/fabricated-products\/heat-exchangers-need-update\/waste-heat-boilers\/\">Calderas y Recuperadores De Calor<\/a><\/div><\/li><\/ul><div class=\"vc_empty_space\"   style=\"height: 10px\"><span class=\"vc_empty_space_inner\"><\/span><\/div><\/div><\/div><\/div><\/div><div class=\"vc_row wpb_row vc_row-fluid\"><div class=\"wpb_column vc_column_container vc_col-sm-12\"><div class=\"vc_column-inner\"><div class=\"wpb_wrapper\"><div class=\"vc_empty_space\"   style=\"height: 20px\"><span class=\"vc_empty_space_inner\"><\/span><\/div><div class=\"vc_separator wpb_content_element vc_separator_align_center vc_sep_width_100 vc_sep_pos_align_center vc_separator_no_text vc_sep_color_grey\" ><span class=\"vc_sep_holder vc_sep_holder_l\"><span  class=\"vc_sep_line\"><\/span><\/span><span class=\"vc_sep_holder vc_sep_holder_r\"><span  class=\"vc_sep_line\"><\/span><\/span>\n<\/div>\n\t<div class=\"wpb_text_column wpb_content_element  vc_custom_1696630431055\" >\n\t\t<div class=\"wpb_wrapper\">\n\t\t\t<h4 class=\"scheme\" style=\"text-align: center;\"><span class=\"TextRun SCXW9709731 BCX8\" lang=\"EN-US\" xml:lang=\"EN-US\" data-contrast=\"none\"><span class=\"NormalTextRun SCXW9709731 BCX8\">Trabajamos arduamente <\/span><span class=\"NormalTextRun SCXW9709731 BCX8\">para ofrecer<\/span><span class=\"NormalTextRun SCXW9709731 BCX8\"> productos y servicios de la m\u00e1s alta calidad<\/span><\/span><span class=\"LineBreakBlob BlobObject DragDrop SCXW9709731 BCX8\"><span class=\"SCXW9709731 BCX8\">\u00a0<\/span><br class=\"SCXW9709731 BCX8\" \/><\/span><span class=\"TextRun SCXW9709731 BCX8\" lang=\"EN-US\" xml:lang=\"EN-US\" data-contrast=\"none\"><span class=\"NormalTextRun SCXW9709731 BCX8\">para nuestros clientes.<\/span><\/span><span class=\"EOP SCXW9709731 BCX8\" data-ccp-props=\"{&quot;335551550&quot;:2,&quot;335551620&quot;:2,&quot;335559738&quot;:450}\">\u00a0<\/span><\/h4>\n\n\t\t<\/div>\n\t<\/div>\n<div class=\"vc_empty_space\"   style=\"height: 20px\"><span class=\"vc_empty_space_inner\"><\/span><\/div>\n\t<div class=\"wpb_text_column wpb_content_element\" >\n\t\t<div class=\"wpb_wrapper\">\n\t\t\t<h4>\u00bfPor qu\u00e9 elegirnos?<\/h4>\n<p><span data-contrast=\"none\">Tex-Fin se compromete a brindar un servicio superior a nuestros clientes. Nuestro personal trabajar\u00e1 con usted a lo largo del proceso de dise\u00f1o y fabricaci\u00f3n para garantizar que nuestros productos cumplan con sus especificaciones y plazos de entrega. Nuestros gerentes de proyecto est\u00e1n siempre disponibles para ayudarlo y reaccionar\u00e1n r\u00e1pidamente para asistir en caso de cualquier emergencia.\u00a0<\/span><span data-ccp-props=\"{&quot;335559739&quot;:400}\">\u00a0<\/span><\/p>\n<p><a href=\"https:\/\/tex-fin.com\/esp\/contact-us\/\"><span data-contrast=\"none\">Cont\u00e1ctenos<\/span><\/a><span data-contrast=\"none\"> para discutir lo que podemos hacer para ayudarlo.<\/span><span data-ccp-props=\"{&quot;335559739&quot;:400}\">\u00a0<\/span><\/p>\n\n\t\t<\/div>\n\t<\/div>\n<div class=\"vc_empty_space\"   style=\"height: 20px\"><span class=\"vc_empty_space_inner\"><\/span><\/div><\/div><\/div><\/div><\/div>","protected":false},"excerpt":{"rendered":"Fabricated Products Tex-Fin is ASME certified, carrying both U and S stamps as well as the National Board R stamp. Our team of qualified and experienced personnel have decades of fabrication and welding experience. We also maintain a library of ASME certified weld procedures for a wide range of materials and weld types.\u00a0 Heat Exchangers [...]","protected":false},"author":1,"featured_media":1274,"parent":0,"menu_order":0,"comment_status":"closed","ping_status":"closed","template":"","meta":{"_coblocks_attr":"","_coblocks_dimensions":"","_coblocks_responsive_height":"","_coblocks_accordion_ie_support":"","om_disable_all_campaigns":false,"_monsterinsights_skip_tracking":false,"_monsterinsights_sitenote_active":false,"_monsterinsights_sitenote_note":"","_monsterinsights_sitenote_category":0,"_uf_show_specific_survey":0,"_uf_disable_surveys":false,"footnotes":""},"folder":[67],"class_list":["post-1189","page","type-page","status-publish","has-post-thumbnail","hentry"],"aioseo_notices":[],"_links":{"self":[{"href":"https:\/\/tex-fin.com\/esp\/wp-json\/wp\/v2\/pages\/1189","targetHints":{"allow":["GET"]}}],"collection":[{"href":"https:\/\/tex-fin.com\/esp\/wp-json\/wp\/v2\/pages"}],"about":[{"href":"https:\/\/tex-fin.com\/esp\/wp-json\/wp\/v2\/types\/page"}],"author":[{"embeddable":true,"href":"https:\/\/tex-fin.com\/esp\/wp-json\/wp\/v2\/users\/1"}],"replies":[{"embeddable":true,"href":"https:\/\/tex-fin.com\/esp\/wp-json\/wp\/v2\/comments?post=1189"}],"version-history":[{"count":16,"href":"https:\/\/tex-fin.com\/esp\/wp-json\/wp\/v2\/pages\/1189\/revisions"}],"predecessor-version":[{"id":2645,"href":"https:\/\/tex-fin.com\/esp\/wp-json\/wp\/v2\/pages\/1189\/revisions\/2645"}],"wp:featuredmedia":[{"embeddable":true,"href":"https:\/\/tex-fin.com\/esp\/wp-json\/wp\/v2\/media\/1274"}],"wp:attachment":[{"href":"https:\/\/tex-fin.com\/esp\/wp-json\/wp\/v2\/media?parent=1189"}],"wp:term":[{"taxonomy":"folder","embeddable":true,"href":"https:\/\/tex-fin.com\/esp\/wp-json\/wp\/v2\/folder?post=1189"}],"curies":[{"name":"wp","href":"https:\/\/api.w.org\/{rel}","templated":true}]}}